{"id":17967,"date":"2023-05-19T16:58:11","date_gmt":"2023-05-19T16:58:11","guid":{"rendered":"https:\/\/intiaudiovisual.com\/film-directors\/"},"modified":"2023-05-20T08:41:48","modified_gmt":"2023-05-20T08:41:48","slug":"film-directors","status":"publish","type":"page","link":"https:\/\/intiaudiovisual.com\/en\/film-directors\/","title":{"rendered":"Film Directors"},"content":{"rendered":"\n<div class=\"wp-block-uagb-container uagb-block-3f49af99 alignfull uagb-is-root-container\"><div class=\"uagb-container-inner-blocks-wrap\">\n<div class=\"wp-block-uagb-advanced-heading uagb-block-cc71bc8b\"><h1 class=\"uagb-heading-text\">Film Directors<\/h1><\/div>\n<\/div><\/div>\n\n<div class=\"wp-block-uagb-container uagb-block-9601433e alignfull uagb-is-root-container\"><div class=\"uagb-container-inner-blocks-wrap\">\n\t\t\t<div class=\"wp-block-uagb-post-grid uagb-post-grid  uagb-post__image-position-background uagb-post__image-enabled uagb-block-cc9b817b     uagb-post__items uagb-post__columns-2 is-grid uagb-post__columns-tablet-2 uagb-post__columns-mobile-1 uagb-post__equal-height uagb-equal_height_inline-read-more-buttons\" data-total=\"1\" style=\"\">\n\n\t\t\t\t\t\t\t\t\t\t\t\t<article class=\"uagb-post__inner-wrap\">\t\t\t\t\t\t\t\t<h3 class=\"uagb-post__title uagb-post__text\">\n\t\t\t\t<a href=\"https:\/\/intiaudiovisual.com\/en\/luis-bunuel\/\" target=\"_self\" rel=\"bookmark noopener noreferrer\">Luis Bu\u00f1uel: Spanish Film Director and Best Films<\/a>\n\t\t\t<\/h3>\n\t\t\t\t\t\t<div class='uagb-post__text uagb-post-grid-byline'>\n\t\t\t\t\t\t\t<\/div>\n\t\t\t\t\t\t<div class='uagb-post__image'>\n\t\t\t\t\t\t\t\t\t<a href=\"https:\/\/intiaudiovisual.com\/en\/luis-bunuel\/\" target=\"_self\" rel=\"bookmark noopener noreferrer\"><img decoding=\"async\" width=\"1024\" height=\"576\" src=\"https:\/\/intiaudiovisual.com\/wp-content\/uploads\/2022\/03\/Luis-bun\u0303uel-surrealismo-1024x576.jpg\" class=\"attachment-large size-large\" alt=\"\" srcset=\"https:\/\/intiaudiovisual.com\/wp-content\/uploads\/2022\/03\/Luis-bun\u0303uel-surrealismo-1024x576.jpg 1024w, https:\/\/intiaudiovisual.com\/wp-content\/uploads\/2022\/03\/Luis-bun\u0303uel-surrealismo-300x169.jpg 300w, https:\/\/intiaudiovisual.com\/wp-content\/uploads\/2022\/03\/Luis-bun\u0303uel-surrealismo-768x432.jpg 768w, https:\/\/intiaudiovisual.com\/wp-content\/uploads\/2022\/03\/Luis-bun\u0303uel-surrealismo-1536x864.jpg 1536w, https:\/\/intiaudiovisual.com\/wp-content\/uploads\/2022\/03\/Luis-bun\u0303uel-surrealismo.jpg 1920w\" sizes=\"(max-width: 1024px) 100vw, 1024px\" \/>\t\t\t\t\t<\/a>\n\t\t\t\t\t\t\t\t\t<\/div>\n\t\t\t\n\t\t\t\t\t\t\t\t\t<\/article>\n\t\t\t\t\t\t\t\t\t\t\t<\/div>\n\t\t\t<\/div><\/div>\n","protected":false},"excerpt":{"rendered":"<p>Film Directors<\/p>\n","protected":false},"author":1,"featured_media":0,"parent":0,"menu_order":0,"comment_status":"closed","ping_status":"closed","template":"","meta":{"_uag_custom_page_level_css":"","site-sidebar-layout":"default","site-content-layout":"","ast-site-content-layout":"","site-content-style":"default","site-sidebar-style":"default","ast-global-header-display":"","ast-banner-title-visibility":"","ast-main-header-display":"","ast-hfb-above-header-display":"","ast-hfb-below-header-display":"","ast-hfb-mobile-header-display":"","site-post-title":"disabled","ast-breadcrumbs-content":"","ast-featured-img":"","footer-sml-layout":"","theme-transparent-header-meta":"","adv-header-id-meta":"","stick-header-meta":"","header-above-stick-meta":"","header-main-stick-meta":"","header-below-stick-meta":"","astra-migrate-meta-layouts":"default","ast-page-background-enabled":"default","ast-page-background-meta":{"desktop":{"background-color":"var(--ast-global-color-4)","background-image":"","background-repeat":"repeat","background-position":"center center","background-size":"auto","background-attachment":"scroll","background-type":"","background-media":"","overlay-type":"","overlay-color":"","overlay-opacity":"","overlay-gradient":""},"tablet":{"background-color":"","background-image":"","background-repeat":"repeat","background-position":"center center","background-size":"auto","background-attachment":"scroll","background-type":"","background-media":"","overlay-type":"","overlay-color":"","overlay-opacity":"","overlay-gradient":""},"mobile":{"background-color":"","background-image":"","background-repeat":"repeat","background-position":"center center","background-size":"auto","background-attachment":"scroll","background-type":"","background-media":"","overlay-type":"","overlay-color":"","overlay-opacity":"","overlay-gradient":""}},"ast-content-background-meta":{"desktop":{"background-color":"var(--ast-global-color-5)","background-image":"","background-repeat":"repeat","background-position":"center center","background-size":"auto","background-attachment":"scroll","background-type":"","background-media":"","overlay-type":"","overlay-color":"","overlay-opacity":"","overlay-gradient":""},"tablet":{"background-color":"var(--ast-global-color-5)","background-image":"","background-repeat":"repeat","background-position":"center center","background-size":"auto","background-attachment":"scroll","background-type":"","background-media":"","overlay-type":"","overlay-color":"","overlay-opacity":"","overlay-gradient":""},"mobile":{"background-color":"var(--ast-global-color-5)","background-image":"","background-repeat":"repeat","background-position":"center center","background-size":"auto","background-attachment":"scroll","background-type":"","background-media":"","overlay-type":"","overlay-color":"","overlay-opacity":"","overlay-gradient":""}},"footnotes":""},"class_list":["post-17967","page","type-page","status-publish","hentry"],"yoast_head":"<!-- This site is optimized with the Yoast SEO plugin v26.2 - https:\/\/yoast.com\/wordpress\/plugins\/seo\/ -->\n<title>Reviews about Film Directors% -% Biographies. Films, etc.<\/title>\n<meta name=\"description\" content=\"All about the Film Directors that have existed in history. The stages of their lives and the films they have directed.\" \/>\n<meta name=\"robots\" content=\"index, follow, max-snippet:-1, max-image-preview:large, max-video-preview:-1\" \/>\n<link rel=\"canonical\" href=\"https:\/\/intiaudiovisual.com\/en\/film-directors\/\" \/>\n<meta property=\"og:locale\" content=\"en_US\" \/>\n<meta property=\"og:type\" content=\"article\" \/>\n<meta property=\"og:title\" content=\"Reviews about Film Directors% -% Biographies. Films, etc.\" \/>\n<meta property=\"og:description\" content=\"All about the Film Directors that have existed in history. The stages of their lives and the films they have directed.\" \/>\n<meta property=\"og:url\" content=\"https:\/\/intiaudiovisual.com\/en\/film-directors\/\" \/>\n<meta property=\"article:modified_time\" content=\"2023-05-20T08:41:48+00:00\" \/>\n<meta name=\"twitter:card\" content=\"summary_large_image\" \/>\n<script type=\"application\/ld+json\" class=\"yoast-schema-graph\">{\"@context\":\"https:\/\/schema.org\",\"@graph\":[{\"@type\":\"WebPage\",\"@id\":\"https:\/\/intiaudiovisual.com\/en\/film-directors\/\",\"url\":\"https:\/\/intiaudiovisual.com\/en\/film-directors\/\",\"name\":\"Reviews about Film Directors% -% Biographies. Films, etc.\",\"isPartOf\":{\"@id\":\"https:\/\/intiaudiovisual.com\/#website\"},\"datePublished\":\"2023-05-19T16:58:11+00:00\",\"dateModified\":\"2023-05-20T08:41:48+00:00\",\"description\":\"All about the Film Directors that have existed in history. The stages of their lives and the films they have directed.\",\"breadcrumb\":{\"@id\":\"https:\/\/intiaudiovisual.com\/en\/film-directors\/#breadcrumb\"},\"inLanguage\":\"en-US\",\"potentialAction\":[{\"@type\":\"ReadAction\",\"target\":[\"https:\/\/intiaudiovisual.com\/en\/film-directors\/\"]}]},{\"@type\":\"BreadcrumbList\",\"@id\":\"https:\/\/intiaudiovisual.com\/en\/film-directors\/#breadcrumb\",\"itemListElement\":[{\"@type\":\"ListItem\",\"position\":1,\"name\":\"Portada\",\"item\":\"https:\/\/intiaudiovisual.com\/en\/\"},{\"@type\":\"ListItem\",\"position\":2,\"name\":\"Film Directors\"}]},{\"@type\":\"WebSite\",\"@id\":\"https:\/\/intiaudiovisual.com\/#website\",\"url\":\"https:\/\/intiaudiovisual.com\/\",\"name\":\"\",\"description\":\"Web dedicada a la divulgaci\u00f3n y educaci\u00f3n sobre la comunicaci\u00f3n audiovisual y la producci\u00f3n audiovisual\",\"publisher\":{\"@id\":\"https:\/\/intiaudiovisual.com\/#organization\"},\"potentialAction\":[{\"@type\":\"SearchAction\",\"target\":{\"@type\":\"EntryPoint\",\"urlTemplate\":\"https:\/\/intiaudiovisual.com\/?s={search_term_string}\"},\"query-input\":{\"@type\":\"PropertyValueSpecification\",\"valueRequired\":true,\"valueName\":\"search_term_string\"}}],\"inLanguage\":\"en-US\"},{\"@type\":\"Organization\",\"@id\":\"https:\/\/intiaudiovisual.com\/#organization\",\"name\":\"INTI Audiovisual\",\"url\":\"https:\/\/intiaudiovisual.com\/\",\"logo\":{\"@type\":\"ImageObject\",\"inLanguage\":\"en-US\",\"@id\":\"https:\/\/intiaudiovisual.com\/#\/schema\/logo\/image\/\",\"url\":\"https:\/\/intiaudiovisual.com\/wp-content\/uploads\/2021\/01\/cropped-INTILOGO-150.png\",\"contentUrl\":\"https:\/\/intiaudiovisual.com\/wp-content\/uploads\/2021\/01\/cropped-INTILOGO-150.png\",\"width\":150,\"height\":150,\"caption\":\"INTI Audiovisual\"},\"image\":{\"@id\":\"https:\/\/intiaudiovisual.com\/#\/schema\/logo\/image\/\"}}]}<\/script>\n<!-- \/ Yoast SEO plugin. -->","yoast_head_json":{"title":"Reviews about Film Directors% -% Biographies. Films, etc.","description":"All about the Film Directors that have existed in history. The stages of their lives and the films they have directed.","robots":{"index":"index","follow":"follow","max-snippet":"max-snippet:-1","max-image-preview":"max-image-preview:large","max-video-preview":"max-video-preview:-1"},"canonical":"https:\/\/intiaudiovisual.com\/en\/film-directors\/","og_locale":"en_US","og_type":"article","og_title":"Reviews about Film Directors% -% Biographies. Films, etc.","og_description":"All about the Film Directors that have existed in history. The stages of their lives and the films they have directed.","og_url":"https:\/\/intiaudiovisual.com\/en\/film-directors\/","article_modified_time":"2023-05-20T08:41:48+00:00","twitter_card":"summary_large_image","schema":{"@context":"https:\/\/schema.org","@graph":[{"@type":"WebPage","@id":"https:\/\/intiaudiovisual.com\/en\/film-directors\/","url":"https:\/\/intiaudiovisual.com\/en\/film-directors\/","name":"Reviews about Film Directors% -% Biographies. Films, etc.","isPartOf":{"@id":"https:\/\/intiaudiovisual.com\/#website"},"datePublished":"2023-05-19T16:58:11+00:00","dateModified":"2023-05-20T08:41:48+00:00","description":"All about the Film Directors that have existed in history. The stages of their lives and the films they have directed.","breadcrumb":{"@id":"https:\/\/intiaudiovisual.com\/en\/film-directors\/#breadcrumb"},"inLanguage":"en-US","potentialAction":[{"@type":"ReadAction","target":["https:\/\/intiaudiovisual.com\/en\/film-directors\/"]}]},{"@type":"BreadcrumbList","@id":"https:\/\/intiaudiovisual.com\/en\/film-directors\/#breadcrumb","itemListElement":[{"@type":"ListItem","position":1,"name":"Portada","item":"https:\/\/intiaudiovisual.com\/en\/"},{"@type":"ListItem","position":2,"name":"Film Directors"}]},{"@type":"WebSite","@id":"https:\/\/intiaudiovisual.com\/#website","url":"https:\/\/intiaudiovisual.com\/","name":"","description":"Web dedicada a la divulgaci\u00f3n y educaci\u00f3n sobre la comunicaci\u00f3n audiovisual y la producci\u00f3n audiovisual","publisher":{"@id":"https:\/\/intiaudiovisual.com\/#organization"},"potentialAction":[{"@type":"SearchAction","target":{"@type":"EntryPoint","urlTemplate":"https:\/\/intiaudiovisual.com\/?s={search_term_string}"},"query-input":{"@type":"PropertyValueSpecification","valueRequired":true,"valueName":"search_term_string"}}],"inLanguage":"en-US"},{"@type":"Organization","@id":"https:\/\/intiaudiovisual.com\/#organization","name":"INTI Audiovisual","url":"https:\/\/intiaudiovisual.com\/","logo":{"@type":"ImageObject","inLanguage":"en-US","@id":"https:\/\/intiaudiovisual.com\/#\/schema\/logo\/image\/","url":"https:\/\/intiaudiovisual.com\/wp-content\/uploads\/2021\/01\/cropped-INTILOGO-150.png","contentUrl":"https:\/\/intiaudiovisual.com\/wp-content\/uploads\/2021\/01\/cropped-INTILOGO-150.png","width":150,"height":150,"caption":"INTI Audiovisual"},"image":{"@id":"https:\/\/intiaudiovisual.com\/#\/schema\/logo\/image\/"}}]}},"uagb_featured_image_src":{"full":false,"thumbnail":false,"medium":false,"medium_large":false,"large":false,"1536x1536":false,"2048x2048":false},"uagb_author_info":{"display_name":"INTI","author_link":"https:\/\/intiaudiovisual.com\/en\/author\/borjazpirozgmail-com\/"},"uagb_comment_info":0,"uagb_excerpt":"Film Directors","_links":{"self":[{"href":"https:\/\/intiaudiovisual.com\/en\/wp-json\/wp\/v2\/pages\/17967","targetHints":{"allow":["GET"]}}],"collection":[{"href":"https:\/\/intiaudiovisual.com\/en\/wp-json\/wp\/v2\/pages"}],"about":[{"href":"https:\/\/intiaudiovisual.com\/en\/wp-json\/wp\/v2\/types\/page"}],"author":[{"embeddable":true,"href":"https:\/\/intiaudiovisual.com\/en\/wp-json\/wp\/v2\/users\/1"}],"replies":[{"embeddable":true,"href":"https:\/\/intiaudiovisual.com\/en\/wp-json\/wp\/v2\/comments?post=17967"}],"version-history":[{"count":0,"href":"https:\/\/intiaudiovisual.com\/en\/wp-json\/wp\/v2\/pages\/17967\/revisions"}],"wp:attachment":[{"href":"https:\/\/intiaudiovisual.com\/en\/wp-json\/wp\/v2\/media?parent=17967"}],"curies":[{"name":"wp","href":"https:\/\/api.w.org\/{rel}","templated":true}]}}