{"id":17989,"date":"2023-05-19T16:12:32","date_gmt":"2023-05-19T16:12:32","guid":{"rendered":"https:\/\/intiaudiovisual.com\/sonido-y-audio\/"},"modified":"2023-05-22T19:04:32","modified_gmt":"2023-05-22T19:04:32","slug":"sonido-y-audio","status":"publish","type":"page","link":"https:\/\/intiaudiovisual.com\/en\/sonido-y-audio\/","title":{"rendered":"Sound and Audio"},"content":{"rendered":"\n<div class=\"wp-block-uagb-container uagb-block-7912b82c alignfull uagb-is-root-container\"><div class=\"uagb-container-inner-blocks-wrap\">\n<div class=\"wp-block-uagb-advanced-heading uagb-block-d6dab1fa\"><h1 class=\"uagb-heading-text\">Sound and Audio<\/h1><\/div>\n<\/div><\/div>\n\n\n\n<div class=\"wp-block-uagb-container uagb-block-e12b3c3f alignfull uagb-is-root-container\"><div class=\"uagb-container-inner-blocks-wrap\">\n<p>This is your <strong>gateway to the wonderful world of acoustics, sound design, music production, and much more.<\/strong> Here, the science of sound meets the beauty of music and the depth of audio storytelling to provide you with a comprehensive understanding of the audio field. <\/p>\n\n\n\n<p>We invite you to explore and delve into the variety of content we have prepared for you. Here you&#8217;ll find valuable information, whether you&#8217;re looking to improve your home theater system, produce your first podcast, or just want to learn more about how the soundtrack of your favorite movies is created.  <strong>Dive into the fascinating world of sound and audio, and let us accompany you on your journey of learning and discovery.<\/strong><\/p>\n\n\n\n<div class=\"wp-block-uagb-advanced-heading uagb-block-bf114d78\"><h2 class=\"uagb-heading-text\">Latest published posts<\/h2><\/div>\n<\/div><\/div>\n\n\n\n<div class=\"wp-block-uagb-container uagb-block-2d132dfc alignfull uagb-is-root-container\"><div class=\"uagb-container-inner-blocks-wrap\">\n\t\t\t<div class=\"wp-block-uagb-post-grid uagb-post-grid  uagb-post__image-position-background uagb-post__image-enabled uagb-block-89153587     uagb-post__items uagb-post__columns-1 is-grid uagb-post__columns-tablet-2 uagb-post__columns-mobile-1 uagb-post__equal-height uagb-equal_height_inline-read-more-buttons\" data-total=\"1\" style=\"\">\n\n\t\t\t\t\t\t\t\t\t\t\t\t<article class=\"uagb-post__inner-wrap\">\t\t\t\t\t\t\t\t<h3 class=\"uagb-post__title uagb-post__text\">\n\t\t\t\t<a href=\"https:\/\/intiaudiovisual.com\/en\/parallel-compression\/\" target=\"_self\" rel=\"bookmark noopener noreferrer\">Parallel compression. What is it? How to use it?<\/a>\n\t\t\t<\/h3>\n\t\t\t\t\t\t<div class='uagb-post__text uagb-post-grid-byline'>\n\t\t\t\t\t\t\t<\/div>\n\t\t\t\t\t\t<div class='uagb-post__image'>\n\t\t\t\t\t\t\t\t\t<a href=\"https:\/\/intiaudiovisual.com\/en\/parallel-compression\/\" target=\"_self\" rel=\"bookmark noopener noreferrer\"><img decoding=\"async\" width=\"1024\" height=\"576\" src=\"https:\/\/intiaudiovisual.com\/wp-content\/uploads\/2022\/09\/que-es-compresion-paralela-1024x576.jpg\" class=\"attachment-large size-large\" alt=\"\" srcset=\"https:\/\/intiaudiovisual.com\/wp-content\/uploads\/2022\/09\/que-es-compresion-paralela-1024x576.jpg 1024w, https:\/\/intiaudiovisual.com\/wp-content\/uploads\/2022\/09\/que-es-compresion-paralela-300x169.jpg 300w, https:\/\/intiaudiovisual.com\/wp-content\/uploads\/2022\/09\/que-es-compresion-paralela-768x432.jpg 768w, https:\/\/intiaudiovisual.com\/wp-content\/uploads\/2022\/09\/que-es-compresion-paralela-1536x864.jpg 1536w, https:\/\/intiaudiovisual.com\/wp-content\/uploads\/2022\/09\/que-es-compresion-paralela.jpg 1920w\" sizes=\"(max-width: 1024px) 100vw, 1024px\" \/>\t\t\t\t\t<\/a>\n\t\t\t\t\t\t\t\t\t<\/div>\n\t\t\t\n\t\t\t\t\t\t\t\t\t<\/article>\n\t\t\t\t\t\t\t\t\t\t\t\t\t\t\t\t<article class=\"uagb-post__inner-wrap\">\t\t\t\t\t\t\t\t<h3 class=\"uagb-post__title uagb-post__text\">\n\t\t\t\t<a href=\"https:\/\/intiaudiovisual.com\/en\/download-free-ringtones\/\" target=\"_self\" rel=\"bookmark noopener noreferrer\">Download free ringtones: Find the perfect ringtone for your Android phone or iPhone.<\/a>\n\t\t\t<\/h3>\n\t\t\t\t\t\t<div class='uagb-post__text uagb-post-grid-byline'>\n\t\t\t\t\t\t\t<\/div>\n\t\t\t\t\t\t<div class='uagb-post__image'>\n\t\t\t\t\t\t\t\t\t<a href=\"https:\/\/intiaudiovisual.com\/en\/download-free-ringtones\/\" target=\"_self\" rel=\"bookmark noopener noreferrer\"><img decoding=\"async\" width=\"1024\" height=\"576\" src=\"https:\/\/intiaudiovisual.com\/wp-content\/uploads\/2022\/03\/Descargar-tono-de-llamada-1024x576.jpg\" class=\"attachment-large size-large\" alt=\"\" srcset=\"https:\/\/intiaudiovisual.com\/wp-content\/uploads\/2022\/03\/Descargar-tono-de-llamada-1024x576.jpg 1024w, https:\/\/intiaudiovisual.com\/wp-content\/uploads\/2022\/03\/Descargar-tono-de-llamada-300x169.jpg 300w, https:\/\/intiaudiovisual.com\/wp-content\/uploads\/2022\/03\/Descargar-tono-de-llamada-768x432.jpg 768w, https:\/\/intiaudiovisual.com\/wp-content\/uploads\/2022\/03\/Descargar-tono-de-llamada-1536x864.jpg 1536w, https:\/\/intiaudiovisual.com\/wp-content\/uploads\/2022\/03\/Descargar-tono-de-llamada.jpg 1920w\" sizes=\"(max-width: 1024px) 100vw, 1024px\" \/>\t\t\t\t\t<\/a>\n\t\t\t\t\t\t\t\t\t<\/div>\n\t\t\t\n\t\t\t\t\t\t\t\t\t<\/article>\n\t\t\t\t\t\t\t\t\t\t\t\t\t\t\t\t<article class=\"uagb-post__inner-wrap\">\t\t\t\t\t\t\t\t<h3 class=\"uagb-post__title uagb-post__text\">\n\t\t\t\t<a href=\"https:\/\/intiaudiovisual.com\/en\/diegetic-music-and-non-diegetic-music\/\" target=\"_self\" rel=\"bookmark noopener noreferrer\">Diegetic and Non-Diegetic Music &#8211; What are they? How to differentiate them?<\/a>\n\t\t\t<\/h3>\n\t\t\t\t\t\t<div class='uagb-post__text uagb-post-grid-byline'>\n\t\t\t\t\t\t\t<\/div>\n\t\t\t\t\t\t<div class='uagb-post__image'>\n\t\t\t\t\t\t\t\t\t<a href=\"https:\/\/intiaudiovisual.com\/en\/diegetic-music-and-non-diegetic-music\/\" target=\"_self\" rel=\"bookmark noopener noreferrer\"><img decoding=\"async\" width=\"1024\" height=\"685\" src=\"https:\/\/intiaudiovisual.com\/wp-content\/uploads\/2021\/12\/pexels-camy-aquino-5933199-1024x685.jpg\" class=\"attachment-large size-large\" alt=\"\" srcset=\"https:\/\/intiaudiovisual.com\/wp-content\/uploads\/2021\/12\/pexels-camy-aquino-5933199-1024x685.jpg 1024w, https:\/\/intiaudiovisual.com\/wp-content\/uploads\/2021\/12\/pexels-camy-aquino-5933199-300x201.jpg 300w, https:\/\/intiaudiovisual.com\/wp-content\/uploads\/2021\/12\/pexels-camy-aquino-5933199-768x514.jpg 768w, https:\/\/intiaudiovisual.com\/wp-content\/uploads\/2021\/12\/pexels-camy-aquino-5933199-1536x1028.jpg 1536w, https:\/\/intiaudiovisual.com\/wp-content\/uploads\/2021\/12\/pexels-camy-aquino-5933199-2048x1371.jpg 2048w\" sizes=\"(max-width: 1024px) 100vw, 1024px\" \/>\t\t\t\t\t<\/a>\n\t\t\t\t\t\t\t\t\t<\/div>\n\t\t\t\n\t\t\t\t\t\t\t\t\t<\/article>\n\t\t\t\t\t\t\t\t\t\t\t\t\t\t\t\t<article class=\"uagb-post__inner-wrap\">\t\t\t\t\t\t\t\t<h3 class=\"uagb-post__title uagb-post__text\">\n\t\t\t\t<a href=\"https:\/\/intiaudiovisual.com\/en\/how-to-make-music-video\/\" target=\"_self\" rel=\"bookmark noopener noreferrer\">How to make a music video<\/a>\n\t\t\t<\/h3>\n\t\t\t\t\t\t<div class='uagb-post__text uagb-post-grid-byline'>\n\t\t\t\t\t\t\t<\/div>\n\t\t\t\t\t\t<div class='uagb-post__image'>\n\t\t\t\t\t\t\t\t\t<a href=\"https:\/\/intiaudiovisual.com\/en\/how-to-make-music-video\/\" target=\"_self\" rel=\"bookmark noopener noreferrer\"><img decoding=\"async\" width=\"1024\" height=\"681\" src=\"https:\/\/intiaudiovisual.com\/wp-content\/uploads\/2021\/01\/pexels-anatolii-kiriak-722427-scaled-1024x681.jpg\" class=\"attachment-large size-large\" alt=\"\" srcset=\"https:\/\/intiaudiovisual.com\/wp-content\/uploads\/2021\/01\/pexels-anatolii-kiriak-722427-scaled-1024x681.jpg 1024w, https:\/\/intiaudiovisual.com\/wp-content\/uploads\/2021\/01\/pexels-anatolii-kiriak-722427-scaled-300x200.jpg 300w, https:\/\/intiaudiovisual.com\/wp-content\/uploads\/2021\/01\/pexels-anatolii-kiriak-722427-scaled-768x511.jpg 768w, https:\/\/intiaudiovisual.com\/wp-content\/uploads\/2021\/01\/pexels-anatolii-kiriak-722427-scaled-1536x1022.jpg 1536w, https:\/\/intiaudiovisual.com\/wp-content\/uploads\/2021\/01\/pexels-anatolii-kiriak-722427-scaled-2048x1362.jpg 2048w\" sizes=\"(max-width: 1024px) 100vw, 1024px\" \/>\t\t\t\t\t<\/a>\n\t\t\t\t\t\t\t\t\t<\/div>\n\t\t\t\n\t\t\t\t\t\t\t\t\t<\/article>\n\t\t\t\t\t\t\t\t\t\t\t<\/div>\n\t\t\t<\/div><\/div>\n","protected":false},"excerpt":{"rendered":"<p>Sound and Audio This is your gateway to the [&hellip;]<\/p>\n","protected":false},"author":1,"featured_media":0,"parent":0,"menu_order":0,"comment_status":"closed","ping_status":"closed","template":"","meta":{"_uag_custom_page_level_css":"","site-sidebar-layout":"default","site-content-layout":"","ast-site-content-layout":"","site-content-style":"default","site-sidebar-style":"default","ast-global-header-display":"","ast-banner-title-visibility":"","ast-main-header-display":"","ast-hfb-above-header-display":"","ast-hfb-below-header-display":"","ast-hfb-mobile-header-display":"","site-post-title":"disabled","ast-breadcrumbs-content":"","ast-featured-img":"","footer-sml-layout":"","theme-transparent-header-meta":"","adv-header-id-meta":"","stick-header-meta":"","header-above-stick-meta":"","header-main-stick-meta":"","header-below-stick-meta":"","astra-migrate-meta-layouts":"default","ast-page-background-enabled":"default","ast-page-background-meta":{"desktop":{"background-color":"var(--ast-global-color-4)","background-image":"","background-repeat":"repeat","background-position":"center center","background-size":"auto","background-attachment":"scroll","background-type":"","background-media":"","overlay-type":"","overlay-color":"","overlay-opacity":"","overlay-gradient":""},"tablet":{"background-color":"","background-image":"","background-repeat":"repeat","background-position":"center center","background-size":"auto","background-attachment":"scroll","background-type":"","background-media":"","overlay-type":"","overlay-color":"","overlay-opacity":"","overlay-gradient":""},"mobile":{"background-color":"","background-image":"","background-repeat":"repeat","background-position":"center center","background-size":"auto","background-attachment":"scroll","background-type":"","background-media":"","overlay-type":"","overlay-color":"","overlay-opacity":"","overlay-gradient":""}},"ast-content-background-meta":{"desktop":{"background-color":"var(--ast-global-color-5)","background-image":"","background-repeat":"repeat","background-position":"center center","background-size":"auto","background-attachment":"scroll","background-type":"","background-media":"","overlay-type":"","overlay-color":"","overlay-opacity":"","overlay-gradient":""},"tablet":{"background-color":"var(--ast-global-color-5)","background-image":"","background-repeat":"repeat","background-position":"center center","background-size":"auto","background-attachment":"scroll","background-type":"","background-media":"","overlay-type":"","overlay-color":"","overlay-opacity":"","overlay-gradient":""},"mobile":{"background-color":"var(--ast-global-color-5)","background-image":"","background-repeat":"repeat","background-position":"center center","background-size":"auto","background-attachment":"scroll","background-type":"","background-media":"","overlay-type":"","overlay-color":"","overlay-opacity":"","overlay-gradient":""}},"footnotes":""},"class_list":["post-17989","page","type-page","status-publish","hentry"],"yoast_head":"<!-- This site is optimized with the Yoast SEO plugin v26.2 - https:\/\/yoast.com\/wordpress\/plugins\/seo\/ -->\n<title>Sound and Audio | Inti Audiovisual<\/title>\n<meta name=\"description\" content=\"Sound and audio articles.\" \/>\n<meta name=\"robots\" content=\"index, follow, max-snippet:-1, max-image-preview:large, max-video-preview:-1\" \/>\n<link rel=\"canonical\" href=\"https:\/\/intiaudiovisual.com\/en\/sonido-y-audio\/\" \/>\n<meta property=\"og:locale\" content=\"en_US\" \/>\n<meta property=\"og:type\" content=\"article\" \/>\n<meta property=\"og:title\" content=\"Sound and Audio | Inti Audiovisual\" \/>\n<meta property=\"og:description\" content=\"Sound and audio articles.\" \/>\n<meta property=\"og:url\" content=\"https:\/\/intiaudiovisual.com\/en\/sonido-y-audio\/\" \/>\n<meta property=\"article:modified_time\" content=\"2023-05-22T19:04:32+00:00\" \/>\n<meta name=\"twitter:card\" content=\"summary_large_image\" \/>\n<meta name=\"twitter:label1\" content=\"Est. reading time\" \/>\n\t<meta name=\"twitter:data1\" content=\"1 minute\" \/>\n<script type=\"application\/ld+json\" class=\"yoast-schema-graph\">{\"@context\":\"https:\/\/schema.org\",\"@graph\":[{\"@type\":\"WebPage\",\"@id\":\"https:\/\/intiaudiovisual.com\/en\/sonido-y-audio\/\",\"url\":\"https:\/\/intiaudiovisual.com\/en\/sonido-y-audio\/\",\"name\":\"Sound and Audio | Inti Audiovisual\",\"isPartOf\":{\"@id\":\"https:\/\/intiaudiovisual.com\/#website\"},\"datePublished\":\"2023-05-19T16:12:32+00:00\",\"dateModified\":\"2023-05-22T19:04:32+00:00\",\"description\":\"Sound and audio articles.\",\"breadcrumb\":{\"@id\":\"https:\/\/intiaudiovisual.com\/en\/sonido-y-audio\/#breadcrumb\"},\"inLanguage\":\"en-US\",\"potentialAction\":[{\"@type\":\"ReadAction\",\"target\":[\"https:\/\/intiaudiovisual.com\/en\/sonido-y-audio\/\"]}]},{\"@type\":\"BreadcrumbList\",\"@id\":\"https:\/\/intiaudiovisual.com\/en\/sonido-y-audio\/#breadcrumb\",\"itemListElement\":[{\"@type\":\"ListItem\",\"position\":1,\"name\":\"Portada\",\"item\":\"https:\/\/intiaudiovisual.com\/en\/\"},{\"@type\":\"ListItem\",\"position\":2,\"name\":\"Sound and Audio\"}]},{\"@type\":\"WebSite\",\"@id\":\"https:\/\/intiaudiovisual.com\/#website\",\"url\":\"https:\/\/intiaudiovisual.com\/\",\"name\":\"\",\"description\":\"Web dedicada a la divulgaci\u00f3n y educaci\u00f3n sobre la comunicaci\u00f3n audiovisual y la producci\u00f3n audiovisual\",\"publisher\":{\"@id\":\"https:\/\/intiaudiovisual.com\/#organization\"},\"potentialAction\":[{\"@type\":\"SearchAction\",\"target\":{\"@type\":\"EntryPoint\",\"urlTemplate\":\"https:\/\/intiaudiovisual.com\/?s={search_term_string}\"},\"query-input\":{\"@type\":\"PropertyValueSpecification\",\"valueRequired\":true,\"valueName\":\"search_term_string\"}}],\"inLanguage\":\"en-US\"},{\"@type\":\"Organization\",\"@id\":\"https:\/\/intiaudiovisual.com\/#organization\",\"name\":\"INTI Audiovisual\",\"url\":\"https:\/\/intiaudiovisual.com\/\",\"logo\":{\"@type\":\"ImageObject\",\"inLanguage\":\"en-US\",\"@id\":\"https:\/\/intiaudiovisual.com\/#\/schema\/logo\/image\/\",\"url\":\"https:\/\/intiaudiovisual.com\/wp-content\/uploads\/2021\/01\/cropped-INTILOGO-150.png\",\"contentUrl\":\"https:\/\/intiaudiovisual.com\/wp-content\/uploads\/2021\/01\/cropped-INTILOGO-150.png\",\"width\":150,\"height\":150,\"caption\":\"INTI Audiovisual\"},\"image\":{\"@id\":\"https:\/\/intiaudiovisual.com\/#\/schema\/logo\/image\/\"}}]}<\/script>\n<!-- \/ Yoast SEO plugin. -->","yoast_head_json":{"title":"Sound and Audio | Inti Audiovisual","description":"Sound and audio articles.","robots":{"index":"index","follow":"follow","max-snippet":"max-snippet:-1","max-image-preview":"max-image-preview:large","max-video-preview":"max-video-preview:-1"},"canonical":"https:\/\/intiaudiovisual.com\/en\/sonido-y-audio\/","og_locale":"en_US","og_type":"article","og_title":"Sound and Audio | Inti Audiovisual","og_description":"Sound and audio articles.","og_url":"https:\/\/intiaudiovisual.com\/en\/sonido-y-audio\/","article_modified_time":"2023-05-22T19:04:32+00:00","twitter_card":"summary_large_image","twitter_misc":{"Est. reading time":"1 minute"},"schema":{"@context":"https:\/\/schema.org","@graph":[{"@type":"WebPage","@id":"https:\/\/intiaudiovisual.com\/en\/sonido-y-audio\/","url":"https:\/\/intiaudiovisual.com\/en\/sonido-y-audio\/","name":"Sound and Audio | Inti Audiovisual","isPartOf":{"@id":"https:\/\/intiaudiovisual.com\/#website"},"datePublished":"2023-05-19T16:12:32+00:00","dateModified":"2023-05-22T19:04:32+00:00","description":"Sound and audio articles.","breadcrumb":{"@id":"https:\/\/intiaudiovisual.com\/en\/sonido-y-audio\/#breadcrumb"},"inLanguage":"en-US","potentialAction":[{"@type":"ReadAction","target":["https:\/\/intiaudiovisual.com\/en\/sonido-y-audio\/"]}]},{"@type":"BreadcrumbList","@id":"https:\/\/intiaudiovisual.com\/en\/sonido-y-audio\/#breadcrumb","itemListElement":[{"@type":"ListItem","position":1,"name":"Portada","item":"https:\/\/intiaudiovisual.com\/en\/"},{"@type":"ListItem","position":2,"name":"Sound and Audio"}]},{"@type":"WebSite","@id":"https:\/\/intiaudiovisual.com\/#website","url":"https:\/\/intiaudiovisual.com\/","name":"","description":"Web dedicada a la divulgaci\u00f3n y educaci\u00f3n sobre la comunicaci\u00f3n audiovisual y la producci\u00f3n audiovisual","publisher":{"@id":"https:\/\/intiaudiovisual.com\/#organization"},"potentialAction":[{"@type":"SearchAction","target":{"@type":"EntryPoint","urlTemplate":"https:\/\/intiaudiovisual.com\/?s={search_term_string}"},"query-input":{"@type":"PropertyValueSpecification","valueRequired":true,"valueName":"search_term_string"}}],"inLanguage":"en-US"},{"@type":"Organization","@id":"https:\/\/intiaudiovisual.com\/#organization","name":"INTI Audiovisual","url":"https:\/\/intiaudiovisual.com\/","logo":{"@type":"ImageObject","inLanguage":"en-US","@id":"https:\/\/intiaudiovisual.com\/#\/schema\/logo\/image\/","url":"https:\/\/intiaudiovisual.com\/wp-content\/uploads\/2021\/01\/cropped-INTILOGO-150.png","contentUrl":"https:\/\/intiaudiovisual.com\/wp-content\/uploads\/2021\/01\/cropped-INTILOGO-150.png","width":150,"height":150,"caption":"INTI Audiovisual"},"image":{"@id":"https:\/\/intiaudiovisual.com\/#\/schema\/logo\/image\/"}}]}},"uagb_featured_image_src":{"full":false,"thumbnail":false,"medium":false,"medium_large":false,"large":false,"1536x1536":false,"2048x2048":false},"uagb_author_info":{"display_name":"INTI","author_link":"https:\/\/intiaudiovisual.com\/en\/author\/borjazpirozgmail-com\/"},"uagb_comment_info":0,"uagb_excerpt":"Sound and Audio This is your gateway to the [&hellip;]","_links":{"self":[{"href":"https:\/\/intiaudiovisual.com\/en\/wp-json\/wp\/v2\/pages\/17989","targetHints":{"allow":["GET"]}}],"collection":[{"href":"https:\/\/intiaudiovisual.com\/en\/wp-json\/wp\/v2\/pages"}],"about":[{"href":"https:\/\/intiaudiovisual.com\/en\/wp-json\/wp\/v2\/types\/page"}],"author":[{"embeddable":true,"href":"https:\/\/intiaudiovisual.com\/en\/wp-json\/wp\/v2\/users\/1"}],"replies":[{"embeddable":true,"href":"https:\/\/intiaudiovisual.com\/en\/wp-json\/wp\/v2\/comments?post=17989"}],"version-history":[{"count":0,"href":"https:\/\/intiaudiovisual.com\/en\/wp-json\/wp\/v2\/pages\/17989\/revisions"}],"wp:attachment":[{"href":"https:\/\/intiaudiovisual.com\/en\/wp-json\/wp\/v2\/media?parent=17989"}],"curies":[{"name":"wp","href":"https:\/\/api.w.org\/{rel}","templated":true}]}}