{"id":17993,"date":"2022-03-21T13:25:38","date_gmt":"2022-03-21T13:25:38","guid":{"rendered":"https:\/\/intiaudiovisual.com\/reviews\/"},"modified":"2023-05-24T15:13:21","modified_gmt":"2023-05-24T15:13:21","slug":"reviews","status":"publish","type":"page","link":"https:\/\/intiaudiovisual.com\/en\/reviews\/","title":{"rendered":"Reviews"},"content":{"rendered":"\n<div class=\"wp-block-uagb-container uagb-block-ddfaece7 alignfull uagb-is-root-container\"><div class=\"uagb-container-inner-blocks-wrap\">\n<div class=\"wp-block-uagb-advanced-heading uagb-block-c064952b\"><h1 class=\"uagb-heading-text\">Reviews<\/h1><\/div>\n<\/div><\/div>\n\n<div class=\"wp-block-uagb-container uagb-block-45046483 alignfull uagb-is-root-container\"><div class=\"uagb-container-inner-blocks-wrap\">\n<p>This space is dedicated <strong>to sharing with our readers opinions, analysis, and assessments about a wide range of products and audiovisual content<\/strong>, which span from the latest news in <strong>sound equipment<\/strong>, to <strong>reviews and breakdowns of TV series<\/strong>, <strong>movies<\/strong>, <strong>documentaries<\/strong>, and <strong>much more<\/strong>.<\/p>\n\n\n\n<p>The audiovisual world is vast and rapidly changing, and that&#8217;s why we work tirelessly here to keep you informed and up-to-date. <strong>Each review you&#8217;ll find<\/strong> in this section has been <strong>carefully crafted by our experts<\/strong>, with the goal of providing you with the most relevant and accurate information.<\/p>\n\n\n\n<p>We&#8217;re not just limited to current affairs; <strong>we also offer retrospective reviews and analysis of classics and hidden gems from cinema and television<\/strong>, with the aim of providing you with a broader perspective of the audiovisual landscape.<\/p>\n\n\n\n<p>Remember, your opinion is also important. <strong>We invite you to participate<\/strong>, <strong>leave your comments, and become part of this growing community<\/strong> of enthusiasts and experts in the audiovisual world. See you in the reviews.<\/p>\n\n\n\n<div class=\"wp-block-uagb-advanced-heading uagb-block-a84ffee5\"><h2 class=\"uagb-heading-text\">Explore Review Categories<\/h2><\/div>\n<\/div><\/div>\n\n<div class=\"wp-block-uagb-container uagb-block-0d84dbae alignfull uagb-is-root-container\"><div class=\"uagb-container-inner-blocks-wrap\">\n<div class=\"wp-block-uagb-container uagb-block-bd1b2d8c\">\n<div class=\"wp-block-uagb-marketing-button uagb-marketing-btn__align-center uagb-marketing-btn__align-text-center uagb-marketing-btn__icon-after uagb-block-ec2d8444 wp-block-button\"><a href=\"https:\/\/intiaudiovisual.com\/en\/film-directors\/\" class=\"uagb-marketing-btn__link wp-block-button__link\" target=\"\" rel=\"noopener noreferrer\"><h2 class=\"uagb-marketing-btn__title\">FILM DIRECTORS<\/h2><svg xmlns=\"https:\/\/www.w3.org\/2000\/svg\" viewbox=\"0 0 512 512\"><path d=\"M384 320c-17.67 0-32 14.33-32 32v96H64V160h96c17.67 0 32-14.32 32-32s-14.33-32-32-32L64 96c-35.35 0-64 28.65-64 64V448c0 35.34 28.65 64 64 64h288c35.35 0 64-28.66 64-64v-96C416 334.3 401.7 320 384 320zM488 0H352c-12.94 0-24.62 7.797-29.56 19.75c-4.969 11.97-2.219 25.72 6.938 34.88L370.8 96L169.4 297.4c-12.5 12.5-12.5 32.75 0 45.25C175.6 348.9 183.8 352 192 352s16.38-3.125 22.62-9.375L416 141.3l41.38 41.38c9.156 9.141 22.88 11.84 34.88 6.938C504.2 184.6 512 172.9 512 160V24C512 10.74 501.3 0 488 0z\"><\/path><\/svg><\/a><\/div>\n<\/div>\n\n\n\n<div class=\"wp-block-uagb-container uagb-block-90d166bf\">\n<div class=\"wp-block-uagb-marketing-button uagb-marketing-btn__align-center uagb-marketing-btn__align-text-center uagb-marketing-btn__icon-after uagb-block-8a77f622 wp-block-button\"><a href=\"https:\/\/intiaudiovisual.com\/en\/movie-reviews\/\" class=\"uagb-marketing-btn__link wp-block-button__link\" target=\"\" rel=\"noopener noreferrer\"><h2 class=\"uagb-marketing-btn__title\">MOVIE REVIEWS<\/h2><svg xmlns=\"https:\/\/www.w3.org\/2000\/svg\" viewbox=\"0 0 512 512\"><path d=\"M384 320c-17.67 0-32 14.33-32 32v96H64V160h96c17.67 0 32-14.32 32-32s-14.33-32-32-32L64 96c-35.35 0-64 28.65-64 64V448c0 35.34 28.65 64 64 64h288c35.35 0 64-28.66 64-64v-96C416 334.3 401.7 320 384 320zM488 0H352c-12.94 0-24.62 7.797-29.56 19.75c-4.969 11.97-2.219 25.72 6.938 34.88L370.8 96L169.4 297.4c-12.5 12.5-12.5 32.75 0 45.25C175.6 348.9 183.8 352 192 352s16.38-3.125 22.62-9.375L416 141.3l41.38 41.38c9.156 9.141 22.88 11.84 34.88 6.938C504.2 184.6 512 172.9 512 160V24C512 10.74 501.3 0 488 0z\"><\/path><\/svg><\/a><\/div>\n<\/div>\n<\/div><\/div>\n\n<div class=\"wp-block-uagb-container uagb-block-16efc214 alignfull uagb-is-root-container\"><div class=\"uagb-container-inner-blocks-wrap\">\n<div class=\"wp-block-uagb-container uagb-block-b5fffd63\">\n<div class=\"wp-block-uagb-marketing-button uagb-marketing-btn__align-center uagb-marketing-btn__align-text-center uagb-marketing-btn__icon-after uagb-block-c40bea84 wp-block-button\"><a href=\"https:\/\/intiaudiovisual.com\/en\/photographers\/\" class=\"uagb-marketing-btn__link wp-block-button__link\" target=\"\" rel=\"noopener noreferrer\"><h2 class=\"uagb-marketing-btn__title\">PHOTOGRAPHERS<\/h2><svg xmlns=\"https:\/\/www.w3.org\/2000\/svg\" viewbox=\"0 0 512 512\"><path d=\"M384 320c-17.67 0-32 14.33-32 32v96H64V160h96c17.67 0 32-14.32 32-32s-14.33-32-32-32L64 96c-35.35 0-64 28.65-64 64V448c0 35.34 28.65 64 64 64h288c35.35 0 64-28.66 64-64v-96C416 334.3 401.7 320 384 320zM488 0H352c-12.94 0-24.62 7.797-29.56 19.75c-4.969 11.97-2.219 25.72 6.938 34.88L370.8 96L169.4 297.4c-12.5 12.5-12.5 32.75 0 45.25C175.6 348.9 183.8 352 192 352s16.38-3.125 22.62-9.375L416 141.3l41.38 41.38c9.156 9.141 22.88 11.84 34.88 6.938C504.2 184.6 512 172.9 512 160V24C512 10.74 501.3 0 488 0z\"><\/path><\/svg><\/a><\/div>\n<\/div>\n\n\n\n<div class=\"wp-block-uagb-container uagb-block-b1199821\">\n<div class=\"wp-block-uagb-marketing-button uagb-marketing-btn__align-center uagb-marketing-btn__align-text-center uagb-marketing-btn__icon-after uagb-block-3ffef2c1 wp-block-button\"><a href=\"https:\/\/intiaudiovisual.com\/en\/programs\/\" class=\"uagb-marketing-btn__link wp-block-button__link\" target=\"\" rel=\"noopener noreferrer\"><h2 class=\"uagb-marketing-btn__title\">SOFTWARE REVIEWS<\/h2><svg xmlns=\"https:\/\/www.w3.org\/2000\/svg\" viewbox=\"0 0 512 512\"><path d=\"M384 320c-17.67 0-32 14.33-32 32v96H64V160h96c17.67 0 32-14.32 32-32s-14.33-32-32-32L64 96c-35.35 0-64 28.65-64 64V448c0 35.34 28.65 64 64 64h288c35.35 0 64-28.66 64-64v-96C416 334.3 401.7 320 384 320zM488 0H352c-12.94 0-24.62 7.797-29.56 19.75c-4.969 11.97-2.219 25.72 6.938 34.88L370.8 96L169.4 297.4c-12.5 12.5-12.5 32.75 0 45.25C175.6 348.9 183.8 352 192 352s16.38-3.125 22.62-9.375L416 141.3l41.38 41.38c9.156 9.141 22.88 11.84 34.88 6.938C504.2 184.6 512 172.9 512 160V24C512 10.74 501.3 0 488 0z\"><\/path><\/svg><\/a><\/div>\n<\/div>\n<\/div><\/div>\n\n<div class=\"wp-block-uagb-container uagb-block-8993fd3c alignfull uagb-is-root-container\"><div class=\"uagb-container-inner-blocks-wrap\">\n<div class=\"wp-block-uagb-advanced-heading uagb-block-b38b6b7b\"><h2 class=\"uagb-heading-text\">Latest Reviews Published<\/h2><\/div>\n<\/div><\/div>\n\n<div class=\"wp-block-uagb-container uagb-block-11246c89 alignfull uagb-is-root-container\"><div class=\"uagb-container-inner-blocks-wrap\">\n\t\t\t<div class=\"wp-block-uagb-post-grid uagb-post-grid  uagb-post__image-position-background uagb-post__image-enabled uagb-block-f07b9085     uagb-post__items uagb-post__columns-2 is-grid uagb-post__columns-tablet-2 uagb-post__columns-mobile-1 uagb-post__equal-height uagb-equal_height_inline-read-more-buttons\" data-total=\"1\" style=\"\">\n\n\t\t\t\t\t\t\t\t\t\t\t\t<article class=\"uagb-post__inner-wrap\">\t\t\t\t\t\t\t\t<h3 class=\"uagb-post__title uagb-post__text\">\n\t\t\t\t<a href=\"https:\/\/intiaudiovisual.com\/en\/luis-bunuel\/\" target=\"_self\" rel=\"bookmark noopener noreferrer\">Luis Bu\u00f1uel: Spanish Film Director and Best Films<\/a>\n\t\t\t<\/h3>\n\t\t\t\t\t\t<div class='uagb-post__text uagb-post-grid-byline'>\n\t\t\t\t\t\t\t<\/div>\n\t\t\t\t\t\t<div class='uagb-post__image'>\n\t\t\t\t\t\t\t\t\t<a href=\"https:\/\/intiaudiovisual.com\/en\/luis-bunuel\/\" target=\"_self\" rel=\"bookmark noopener noreferrer\"><img decoding=\"async\" width=\"1024\" height=\"576\" src=\"https:\/\/intiaudiovisual.com\/wp-content\/uploads\/2022\/03\/Luis-bun\u0303uel-surrealismo-1024x576.jpg\" class=\"attachment-large size-large\" alt=\"\" srcset=\"https:\/\/intiaudiovisual.com\/wp-content\/uploads\/2022\/03\/Luis-bun\u0303uel-surrealismo-1024x576.jpg 1024w, https:\/\/intiaudiovisual.com\/wp-content\/uploads\/2022\/03\/Luis-bun\u0303uel-surrealismo-300x169.jpg 300w, https:\/\/intiaudiovisual.com\/wp-content\/uploads\/2022\/03\/Luis-bun\u0303uel-surrealismo-768x432.jpg 768w, https:\/\/intiaudiovisual.com\/wp-content\/uploads\/2022\/03\/Luis-bun\u0303uel-surrealismo-1536x864.jpg 1536w, https:\/\/intiaudiovisual.com\/wp-content\/uploads\/2022\/03\/Luis-bun\u0303uel-surrealismo.jpg 1920w\" sizes=\"(max-width: 1024px) 100vw, 1024px\" \/>\t\t\t\t\t<\/a>\n\t\t\t\t\t\t\t\t\t<\/div>\n\t\t\t\n\t\t\t\t\t\t\t\t\t<\/article>\n\t\t\t\t\t\t\t\t\t\t\t\t\t\t\t\t<article class=\"uagb-post__inner-wrap\">\t\t\t\t\t\t\t\t<h3 class=\"uagb-post__title uagb-post__text\">\n\t\t\t\t<a href=\"https:\/\/intiaudiovisual.com\/en\/stop-motion-movies\/\" target=\"_self\" rel=\"bookmark noopener noreferrer\">Stop Motion Movies: The 11 Best<\/a>\n\t\t\t<\/h3>\n\t\t\t\t\t\t<div class='uagb-post__text uagb-post-grid-byline'>\n\t\t\t\t\t\t\t<\/div>\n\t\t\t\t\t\t<div class='uagb-post__image'>\n\t\t\t\t\t\t\t\t\t<a href=\"https:\/\/intiaudiovisual.com\/en\/stop-motion-movies\/\" target=\"_self\" rel=\"bookmark noopener noreferrer\"><img decoding=\"async\" width=\"1024\" height=\"576\" src=\"https:\/\/intiaudiovisual.com\/wp-content\/uploads\/2022\/03\/Pelicula-stop-motion-1024x576.jpg\" class=\"attachment-large size-large\" alt=\"\" srcset=\"https:\/\/intiaudiovisual.com\/wp-content\/uploads\/2022\/03\/Pelicula-stop-motion-1024x576.jpg 1024w, https:\/\/intiaudiovisual.com\/wp-content\/uploads\/2022\/03\/Pelicula-stop-motion-300x169.jpg 300w, https:\/\/intiaudiovisual.com\/wp-content\/uploads\/2022\/03\/Pelicula-stop-motion-768x432.jpg 768w, https:\/\/intiaudiovisual.com\/wp-content\/uploads\/2022\/03\/Pelicula-stop-motion-1536x864.jpg 1536w, https:\/\/intiaudiovisual.com\/wp-content\/uploads\/2022\/03\/Pelicula-stop-motion.jpg 1920w\" sizes=\"(max-width: 1024px) 100vw, 1024px\" \/>\t\t\t\t\t<\/a>\n\t\t\t\t\t\t\t\t\t<\/div>\n\t\t\t\n\t\t\t\t\t\t\t\t\t<\/article>\n\t\t\t\t\t\t\t\t\t\t\t<\/div>\n\t\t\t<\/div><\/div>\n","protected":false},"excerpt":{"rendered":"<p>Reviews This space is dedicated to sharing with our [&hellip;]<\/p>\n","protected":false},"author":1,"featured_media":0,"parent":0,"menu_order":0,"comment_status":"closed","ping_status":"closed","template":"","meta":{"_uag_custom_page_level_css":"","site-sidebar-layout":"default","site-content-layout":"","ast-site-content-layout":"default","site-content-style":"default","site-sidebar-style":"default","ast-global-header-display":"","ast-banner-title-visibility":"","ast-main-header-display":"","ast-hfb-above-header-display":"","ast-hfb-below-header-display":"","ast-hfb-mobile-header-display":"","site-post-title":"disabled","ast-breadcrumbs-content":"","ast-featured-img":"","footer-sml-layout":"","ast-disable-related-posts":"","theme-transparent-header-meta":"","adv-header-id-meta":"","stick-header-meta":"","header-above-stick-meta":"","header-main-stick-meta":"","header-below-stick-meta":"","astra-migrate-meta-layouts":"default","ast-page-background-enabled":"default","ast-page-background-meta":{"desktop":{"background-color":"var(--ast-global-color-4)","background-image":"","background-repeat":"repeat","background-position":"center center","background-size":"auto","background-attachment":"scroll","background-type":"","background-media":"","overlay-type":"","overlay-color":"","overlay-opacity":"","overlay-gradient":""},"tablet":{"background-color":"","background-image":"","background-repeat":"repeat","background-position":"center center","background-size":"auto","background-attachment":"scroll","background-type":"","background-media":"","overlay-type":"","overlay-color":"","overlay-opacity":"","overlay-gradient":""},"mobile":{"background-color":"","background-image":"","background-repeat":"repeat","background-position":"center center","background-size":"auto","background-attachment":"scroll","background-type":"","background-media":"","overlay-type":"","overlay-color":"","overlay-opacity":"","overlay-gradient":""}},"ast-content-background-meta":{"desktop":{"background-color":"var(--ast-global-color-5)","background-image":"","background-repeat":"repeat","background-position":"center center","background-size":"auto","background-attachment":"scroll","background-type":"","background-media":"","overlay-type":"","overlay-color":"","overlay-opacity":"","overlay-gradient":""},"tablet":{"background-color":"var(--ast-global-color-5)","background-image":"","background-repeat":"repeat","background-position":"center center","background-size":"auto","background-attachment":"scroll","background-type":"","background-media":"","overlay-type":"","overlay-color":"","overlay-opacity":"","overlay-gradient":""},"mobile":{"background-color":"var(--ast-global-color-5)","background-image":"","background-repeat":"repeat","background-position":"center center","background-size":"auto","background-attachment":"scroll","background-type":"","background-media":"","overlay-type":"","overlay-color":"","overlay-opacity":"","overlay-gradient":""}},"footnotes":""},"class_list":["post-17993","page","type-page","status-publish","hentry"],"yoast_head":"<!-- This site is optimized with the Yoast SEO plugin v27.4 - https:\/\/yoast.com\/product\/yoast-seo-wordpress\/ -->\n<title>Reviews - Biographies - Opinions - Audiovisuals - Audiovisuals<\/title>\n<meta name=\"description\" content=\"All kinds of reviews, biographies and opinions related to audiovisual communication.\" \/>\n<meta name=\"robots\" content=\"index, follow, max-snippet:-1, max-image-preview:large, max-video-preview:-1\" \/>\n<link rel=\"canonical\" href=\"https:\/\/intiaudiovisual.com\/en\/reviews\/\" \/>\n<meta property=\"og:locale\" content=\"en_US\" \/>\n<meta property=\"og:type\" content=\"article\" \/>\n<meta property=\"og:title\" content=\"Reviews - Biographies - Opinions - Audiovisuals - Audiovisuals\" \/>\n<meta property=\"og:description\" content=\"All kinds of reviews, biographies and opinions related to audiovisual communication.\" \/>\n<meta property=\"og:url\" content=\"https:\/\/intiaudiovisual.com\/en\/reviews\/\" \/>\n<meta property=\"article:modified_time\" content=\"2023-05-24T15:13:21+00:00\" \/>\n<meta name=\"twitter:card\" content=\"summary_large_image\" \/>\n<meta name=\"twitter:label1\" content=\"Est. reading time\" \/>\n\t<meta name=\"twitter:data1\" content=\"1 minute\" \/>\n<script type=\"application\/ld+json\" class=\"yoast-schema-graph\">{\"@context\":\"https:\\\/\\\/schema.org\",\"@graph\":[{\"@type\":\"WebPage\",\"@id\":\"https:\\\/\\\/intiaudiovisual.com\\\/en\\\/reviews\\\/\",\"url\":\"https:\\\/\\\/intiaudiovisual.com\\\/en\\\/reviews\\\/\",\"name\":\"Reviews - Biographies - Opinions - Audiovisuals - Audiovisuals\",\"isPartOf\":{\"@id\":\"https:\\\/\\\/intiaudiovisual.com\\\/#website\"},\"datePublished\":\"2022-03-21T13:25:38+00:00\",\"dateModified\":\"2023-05-24T15:13:21+00:00\",\"description\":\"All kinds of reviews, biographies and opinions related to audiovisual communication.\",\"breadcrumb\":{\"@id\":\"https:\\\/\\\/intiaudiovisual.com\\\/en\\\/reviews\\\/#breadcrumb\"},\"inLanguage\":\"en-US\",\"potentialAction\":[{\"@type\":\"ReadAction\",\"target\":[\"https:\\\/\\\/intiaudiovisual.com\\\/en\\\/reviews\\\/\"]}]},{\"@type\":\"BreadcrumbList\",\"@id\":\"https:\\\/\\\/intiaudiovisual.com\\\/en\\\/reviews\\\/#breadcrumb\",\"itemListElement\":[{\"@type\":\"ListItem\",\"position\":1,\"name\":\"Portada\",\"item\":\"https:\\\/\\\/intiaudiovisual.com\\\/en\\\/\"},{\"@type\":\"ListItem\",\"position\":2,\"name\":\"Reviews\"}]},{\"@type\":\"WebSite\",\"@id\":\"https:\\\/\\\/intiaudiovisual.com\\\/#website\",\"url\":\"https:\\\/\\\/intiaudiovisual.com\\\/\",\"name\":\"\",\"description\":\"Web dedicada a la divulgaci\u00f3n y educaci\u00f3n sobre la comunicaci\u00f3n audiovisual y la producci\u00f3n audiovisual\",\"publisher\":{\"@id\":\"https:\\\/\\\/intiaudiovisual.com\\\/#organization\"},\"potentialAction\":[{\"@type\":\"SearchAction\",\"target\":{\"@type\":\"EntryPoint\",\"urlTemplate\":\"https:\\\/\\\/intiaudiovisual.com\\\/?s={search_term_string}\"},\"query-input\":{\"@type\":\"PropertyValueSpecification\",\"valueRequired\":true,\"valueName\":\"search_term_string\"}}],\"inLanguage\":\"en-US\"},{\"@type\":\"Organization\",\"@id\":\"https:\\\/\\\/intiaudiovisual.com\\\/#organization\",\"name\":\"INTI Audiovisual\",\"url\":\"https:\\\/\\\/intiaudiovisual.com\\\/\",\"logo\":{\"@type\":\"ImageObject\",\"inLanguage\":\"en-US\",\"@id\":\"https:\\\/\\\/intiaudiovisual.com\\\/#\\\/schema\\\/logo\\\/image\\\/\",\"url\":\"https:\\\/\\\/intiaudiovisual.com\\\/wp-content\\\/uploads\\\/2021\\\/01\\\/cropped-INTILOGO-150.png\",\"contentUrl\":\"https:\\\/\\\/intiaudiovisual.com\\\/wp-content\\\/uploads\\\/2021\\\/01\\\/cropped-INTILOGO-150.png\",\"width\":150,\"height\":150,\"caption\":\"INTI Audiovisual\"},\"image\":{\"@id\":\"https:\\\/\\\/intiaudiovisual.com\\\/#\\\/schema\\\/logo\\\/image\\\/\"}}]}<\/script>\n<!-- \/ Yoast SEO plugin. -->","yoast_head_json":{"title":"Reviews - Biographies - Opinions - Audiovisuals - Audiovisuals","description":"All kinds of reviews, biographies and opinions related to audiovisual communication.","robots":{"index":"index","follow":"follow","max-snippet":"max-snippet:-1","max-image-preview":"max-image-preview:large","max-video-preview":"max-video-preview:-1"},"canonical":"https:\/\/intiaudiovisual.com\/en\/reviews\/","og_locale":"en_US","og_type":"article","og_title":"Reviews - Biographies - Opinions - Audiovisuals - Audiovisuals","og_description":"All kinds of reviews, biographies and opinions related to audiovisual communication.","og_url":"https:\/\/intiaudiovisual.com\/en\/reviews\/","article_modified_time":"2023-05-24T15:13:21+00:00","twitter_card":"summary_large_image","twitter_misc":{"Est. reading time":"1 minute"},"schema":{"@context":"https:\/\/schema.org","@graph":[{"@type":"WebPage","@id":"https:\/\/intiaudiovisual.com\/en\/reviews\/","url":"https:\/\/intiaudiovisual.com\/en\/reviews\/","name":"Reviews - Biographies - Opinions - Audiovisuals - Audiovisuals","isPartOf":{"@id":"https:\/\/intiaudiovisual.com\/#website"},"datePublished":"2022-03-21T13:25:38+00:00","dateModified":"2023-05-24T15:13:21+00:00","description":"All kinds of reviews, biographies and opinions related to audiovisual communication.","breadcrumb":{"@id":"https:\/\/intiaudiovisual.com\/en\/reviews\/#breadcrumb"},"inLanguage":"en-US","potentialAction":[{"@type":"ReadAction","target":["https:\/\/intiaudiovisual.com\/en\/reviews\/"]}]},{"@type":"BreadcrumbList","@id":"https:\/\/intiaudiovisual.com\/en\/reviews\/#breadcrumb","itemListElement":[{"@type":"ListItem","position":1,"name":"Portada","item":"https:\/\/intiaudiovisual.com\/en\/"},{"@type":"ListItem","position":2,"name":"Reviews"}]},{"@type":"WebSite","@id":"https:\/\/intiaudiovisual.com\/#website","url":"https:\/\/intiaudiovisual.com\/","name":"","description":"Web dedicada a la divulgaci\u00f3n y educaci\u00f3n sobre la comunicaci\u00f3n audiovisual y la producci\u00f3n audiovisual","publisher":{"@id":"https:\/\/intiaudiovisual.com\/#organization"},"potentialAction":[{"@type":"SearchAction","target":{"@type":"EntryPoint","urlTemplate":"https:\/\/intiaudiovisual.com\/?s={search_term_string}"},"query-input":{"@type":"PropertyValueSpecification","valueRequired":true,"valueName":"search_term_string"}}],"inLanguage":"en-US"},{"@type":"Organization","@id":"https:\/\/intiaudiovisual.com\/#organization","name":"INTI Audiovisual","url":"https:\/\/intiaudiovisual.com\/","logo":{"@type":"ImageObject","inLanguage":"en-US","@id":"https:\/\/intiaudiovisual.com\/#\/schema\/logo\/image\/","url":"https:\/\/intiaudiovisual.com\/wp-content\/uploads\/2021\/01\/cropped-INTILOGO-150.png","contentUrl":"https:\/\/intiaudiovisual.com\/wp-content\/uploads\/2021\/01\/cropped-INTILOGO-150.png","width":150,"height":150,"caption":"INTI Audiovisual"},"image":{"@id":"https:\/\/intiaudiovisual.com\/#\/schema\/logo\/image\/"}}]}},"uagb_featured_image_src":{"full":false,"thumbnail":false,"medium":false,"medium_large":false,"large":false,"1536x1536":false,"2048x2048":false},"uagb_author_info":{"display_name":"INTI","author_link":"https:\/\/intiaudiovisual.com\/en\/author\/borjazpirozgmail-com\/"},"uagb_comment_info":0,"uagb_excerpt":"Reviews This space is dedicated to sharing with our [&hellip;]","_links":{"self":[{"href":"https:\/\/intiaudiovisual.com\/en\/wp-json\/wp\/v2\/pages\/17993","targetHints":{"allow":["GET"]}}],"collection":[{"href":"https:\/\/intiaudiovisual.com\/en\/wp-json\/wp\/v2\/pages"}],"about":[{"href":"https:\/\/intiaudiovisual.com\/en\/wp-json\/wp\/v2\/types\/page"}],"author":[{"embeddable":true,"href":"https:\/\/intiaudiovisual.com\/en\/wp-json\/wp\/v2\/users\/1"}],"replies":[{"embeddable":true,"href":"https:\/\/intiaudiovisual.com\/en\/wp-json\/wp\/v2\/comments?post=17993"}],"version-history":[{"count":0,"href":"https:\/\/intiaudiovisual.com\/en\/wp-json\/wp\/v2\/pages\/17993\/revisions"}],"wp:attachment":[{"href":"https:\/\/intiaudiovisual.com\/en\/wp-json\/wp\/v2\/media?parent=17993"}],"curies":[{"name":"wp","href":"https:\/\/api.w.org\/{rel}","templated":true}]}}